{"id":13,"date":"2017-03-06T21:39:14","date_gmt":"2017-03-06T19:39:14","guid":{"rendered":"https:\/\/lingusta.com.tr\/blog\/?page_id=13"},"modified":"2025-09-01T14:19:03","modified_gmt":"2025-09-01T11:19:03","slug":"hakkimizda","status":"publish","type":"page","link":"https:\/\/lingusta.com.tr\/blog\/hakkimizda\/","title":{"rendered":"Hakk\u0131m\u0131zda"},"content":{"rendered":"<table class=\"wp-list-table widefat fixed striped table-view-list posts\">\n<tbody id=\"the-list\">\n<tr id=\"post-4738\" class=\"iedit author-self level-0 post-4738 type-wpcdt_countdown status-publish\">\n<td class=\"wpcdt_shortcode column-wpcdt_shortcode\" data-colname=\"Shortcode\">\n<div class=\"wpos-copy-clipboard wpcdt-shortcode-preview\">[wpcdt-countdown id=&#8221;4738&#8243;]<\/div>\n<\/td>\n<\/tr>\n<\/tbody>\n<\/table>\n<p>&nbsp;<\/p>\n<p>Biz bir grup insan, d\u00fcnyay\u0131 olumlu y\u00f6nde de\u011fi\u015ftirmek i\u00e7in \u00fczerimize d\u00fc\u015feni yapmak amac\u0131 ile 2013 y\u0131l\u0131nda yola \u00e7\u0131kt\u0131k. Linguistics yani dil biliminden esinlenerek projemize Lingusta ad\u0131n\u0131 verdik.<\/p>\n<p>Modas\u0131 ge\u00e7mi\u015f toplumsal d\u00fc\u015f\u00fcnceler ve e\u011fitim modellerinden tutun, yarat\u0131c\u0131l\u0131\u011f\u0131 ve yenilik\u00e7ili\u011fi engelleyen \u015firket k\u00fclt\u00fcrlerine kadar, insan potansiyelini s\u0131n\u0131rlayan her ne varsa de\u011fi\u015ftirmek i\u00e7in kararl\u0131 bir \u015fekilde \u00e7al\u0131\u015f\u0131yoruz.<\/p>\n<p>Baz\u0131 insanlar beyin g\u00f6\u00e7\u00fc ve \u00e7\u00f6km\u00fc\u015f olan e\u011fitim sistemlerine bakarak t\u00fcm zamanlar\u0131n\u0131 ve enerjilerini bu problemleri \u00e7\u00f6zmeye harcarlarken biz farkl\u0131 bir yakla\u015f\u0131m\u0131 tercih ediyoruz.<\/p>\n<p>Nas\u0131l m\u0131?<\/p>\n<p>\u015eu felsefeyi somutla\u015ft\u0131rarak: \u201cMevcut realiteyle m\u00fccadele ederek bir \u015feyleri asla de\u011fi\u015ftiremezsiniz. Bir \u015feyleri de\u011fi\u015ftirmek i\u00e7in mevcut modeli kullan\u0131m d\u0131\u015f\u0131 b\u0131rakacak yeni bir model geli\u015ftirmelisiniz\u201d.<\/p>\n<p>Bizim yapt\u0131\u011f\u0131m\u0131z da tam olarak budur. G\u00fcn\u00fcm\u00fcz\u00fcn problemli modellerini kullan\u0131m d\u0131\u015f\u0131 b\u0131rakan, daha iyi ve yeni modeller geli\u015ftirmek.<\/p>\n<p>Nereden ba\u015flayaca\u011f\u0131m\u0131za karar vermemiz biraz zaman\u0131m\u0131z\u0131 ald\u0131. Ba\u015flang\u0131\u00e7ta ki\u015fisel geli\u015fim konusuna odaklan\u0131rken toplumumuz i\u00e7in en \u00f6ncelikli meselenin yabanc\u0131 dil ve \u00f6zellikle \u0130ngilizce oldu\u011funu g\u00f6rd\u00fck.<\/p>\n<p>\u00dclkemize g\u0131pta ile bakan eski Sovyet yeni Avrupa Birli\u011fi \u00fcyesi \u00fclkelerde bile \u0130ngilizce konu\u015fabilme oran\u0131 %40&#8217;lar seviyesinde gezerken biz neden %3&#8217;ler de kalm\u0131\u015ft\u0131k.<\/p>\n<p>Bug\u00fcn d\u00fcnyada her ge\u00e7en g\u00fcn \u00f6nemi ve de\u011feri artan \u00fclkemizin d\u00fcnya ile ileti\u015fimini sa\u011flayacak olan yegane dil \u0130ngilizce iken mevcut seviyemiz kabul edilebilir s\u0131n\u0131rlar i\u00e7erisinde g\u00f6r\u00fcnm\u00fcyor.<\/p>\n<p>Sorunun nedenlerini ve bu sorunu ortadan kald\u0131racak yeni yakla\u015f\u0131mlar\u0131 ara\u015ft\u0131rd\u0131k.<\/p>\n<p>Ge\u00e7ti\u011fimiz y\u00fcz y\u0131l i\u00e7erisinde yabanc\u0131 dil e\u011fitiminde ortaya konan t\u00fcm yeni modelleri inceledik. Sadece sa\u011flam bir teoriye dayanmayan ayn\u0131 zamanda pratik ba\u015far\u0131s\u0131da y\u00fcksek bir model ar\u0131yorduk.<\/p>\n<p>Bir y\u0131l\u0131m\u0131z\u0131 alan ara\u015ft\u0131rma s\u00fcrecinin sonunda arad\u0131\u011f\u0131m\u0131z modelin temelini bulduk ve b\u00f6ylece ilk projemiz olan Lingusta \u0130ngilizce&#8217;yi geli\u015ftirme \u00e7al\u0131\u015fmalar\u0131na ba\u015flad\u0131k.<\/p>\n<p>\u0130ngilizce program\u0131m\u0131z\u0131n \u00fclkemizdeki binlerce kullan\u0131c\u0131 \u00fczerindeki ba\u015far\u0131s\u0131 ve ald\u0131\u011f\u0131m\u0131z pozitif sonu\u00e7lar heyecan\u0131m\u0131z\u0131 ve motivasyonumuzu daha da artt\u0131rd\u0131.<\/p>\n<p>Yabanc\u0131 dile ve ki\u015fisel geli\u015fime olan tutkumuz hi\u00e7 bitmeyecek. Bizi bir araya getiren bu u\u011fra\u015f\u0131m\u0131z devam etti\u011fi s\u00fcrece toplumumuzu ileriye ta\u015f\u0131yaca\u011f\u0131n\u0131 d\u00fc\u015f\u00fcnd\u00fc\u011f\u00fcm\u00fcz yeni modelleri ve \u00e7\u00f6z\u00fcmleri geli\u015ftirmek i\u00e7in \u00e7al\u0131\u015faca\u011f\u0131z.<\/p>\n<p><img loading=\"lazy\" decoding=\"async\" class=\"alignnone size-large\" src=\"https:\/\/lingusta.com.tr\/assets\/images\/dark-logo.png\" width=\"250\" height=\"66\" \/><\/p>\n","protected":false},"excerpt":{"rendered":"<p>[wpcdt-countdown id=&#8221;4738&#8243;] &nbsp; Biz bir grup insan, d\u00fcnyay\u0131 olumlu y\u00f6nde de\u011fi\u015ftirmek i\u00e7in \u00fczerimize d\u00fc\u015feni yapmak amac\u0131 ile 2013 y\u0131l\u0131nda yola \u00e7\u0131kt\u0131k. Linguistics yani dil biliminden esinlenerek projemize Lingusta ad\u0131n\u0131 verdik. Modas\u0131 ge\u00e7mi\u015f toplumsal d\u00fc\u015f\u00fcnceler ve e\u011fitim modellerinden tutun, yarat\u0131c\u0131l\u0131\u011f\u0131 ve yenilik\u00e7ili\u011fi engelleyen \u015firket k\u00fclt\u00fcrlerine kadar, insan potansiyelini s\u0131n\u0131rlayan her ne varsa de\u011fi\u015ftirmek i\u00e7in kararl\u0131 bir<\/p>\n","protected":false},"author":1,"featured_media":0,"parent":0,"menu_order":0,"comment_status":"closed","ping_status":"closed","template":"","meta":{"om_disable_all_campaigns":false,"footnotes":""},"class_list":["post-13","page","type-page","status-publish"],"yoast_head":"<!-- This site is optimized with the Yoast SEO Premium plugin v14.7 - https:\/\/yoast.com\/wordpress\/plugins\/seo\/ -->\r\n<title>Hakk\u0131m\u0131zda - Lingusta<\/title>\r\n<meta name=\"robots\" content=\"index, follow\" \/>\r\n<meta name=\"googlebot\" content=\"index, follow, max-snippet:-1, max-image-preview:large, max-video-preview:-1\" \/>\r\n<meta name=\"bingbot\" content=\"index, follow, max-snippet:-1, max-image-preview:large, max-video-preview:-1\" \/>\r\n<link rel=\"canonical\" href=\"https:\/\/lingusta.com.tr\/blog\/hakkimizda\/\" \/>\r\n<meta property=\"og:locale\" content=\"tr_TR\" \/>\r\n<meta property=\"og:type\" content=\"article\" \/>\r\n<meta property=\"og:title\" content=\"Hakk\u0131m\u0131zda - Lingusta\" \/>\r\n<meta property=\"og:description\" content=\"[wpcdt-countdown id=&#8221;4738&#8243;] &nbsp; Biz bir grup insan, d\u00fcnyay\u0131 olumlu y\u00f6nde de\u011fi\u015ftirmek i\u00e7in \u00fczerimize d\u00fc\u015feni yapmak amac\u0131 ile 2013 y\u0131l\u0131nda yola \u00e7\u0131kt\u0131k. Linguistics yani dil biliminden esinlenerek projemize Lingusta ad\u0131n\u0131 verdik. Modas\u0131 ge\u00e7mi\u015f toplumsal d\u00fc\u015f\u00fcnceler ve e\u011fitim modellerinden tutun, yarat\u0131c\u0131l\u0131\u011f\u0131 ve yenilik\u00e7ili\u011fi engelleyen \u015firket k\u00fclt\u00fcrlerine kadar, insan potansiyelini s\u0131n\u0131rlayan her ne varsa de\u011fi\u015ftirmek i\u00e7in kararl\u0131 bir\" \/>\r\n<meta property=\"og:url\" content=\"https:\/\/lingusta.com.tr\/blog\/hakkimizda\/\" \/>\r\n<meta property=\"og:site_name\" content=\"Lingusta\" \/>\r\n<meta property=\"article:publisher\" content=\"https:\/\/facebook.com\/lingustametodu\/\" \/>\r\n<meta property=\"article:modified_time\" content=\"2025-09-01T11:19:03+00:00\" \/>\r\n<meta property=\"og:image\" content=\"https:\/\/lingusta.com.tr\/assets\/images\/dark-logo.png\" \/>\r\n<meta name=\"twitter:card\" content=\"summary\" \/>\r\n<meta name=\"twitter:creator\" content=\"@LingustaEgitim\" \/>\r\n<meta name=\"twitter:site\" content=\"@LingustaEgitim\" \/>\r\n<script type=\"application\/ld+json\" class=\"yoast-schema-graph\">{\"@context\":\"https:\/\/schema.org\",\"@graph\":[{\"@type\":\"Organization\",\"@id\":\"https:\/\/lingusta.com.tr\/blog\/#organization\",\"name\":\"LINGUSTA BILISIM VE EGITIM TEKNOLOJILERI ANONIM SIRKETI\",\"url\":\"https:\/\/lingusta.com.tr\/blog\/\",\"sameAs\":[\"https:\/\/facebook.com\/lingustametodu\/\",\"https:\/\/www.instagram.com\/lingustacomtr\/\",\"https:\/\/www.linkedin.com\/company\/lingusta-e-itim\",\"https:\/\/twitter.com\/LingustaEgitim\"],\"logo\":{\"@type\":\"ImageObject\",\"@id\":\"https:\/\/lingusta.com.tr\/blog\/#logo\",\"inLanguage\":\"tr\",\"url\":\"https:\/\/lingusta.com.tr\/blog\/wp-content\/uploads\/2024\/05\/Lingusta-Metodu.png\",\"width\":198,\"height\":64,\"caption\":\"LINGUSTA BILISIM VE EGITIM TEKNOLOJILERI ANONIM SIRKETI\"},\"image\":{\"@id\":\"https:\/\/lingusta.com.tr\/blog\/#logo\"}},{\"@type\":\"WebSite\",\"@id\":\"https:\/\/lingusta.com.tr\/blog\/#website\",\"url\":\"https:\/\/lingusta.com.tr\/blog\/\",\"name\":\"Lingusta\",\"description\":\"Ak\\u0131c\\u0131 \\u0130ngilizce Konu\\u015f\",\"publisher\":{\"@id\":\"https:\/\/lingusta.com.tr\/blog\/#organization\"},\"potentialAction\":[{\"@type\":\"SearchAction\",\"target\":\"https:\/\/lingusta.com.tr\/blog\/?s={search_term_string}\",\"query-input\":\"required name=search_term_string\"}],\"inLanguage\":\"tr\"},{\"@type\":\"ImageObject\",\"@id\":\"https:\/\/lingusta.com.tr\/blog\/hakkimizda\/#primaryimage\",\"inLanguage\":\"tr\",\"url\":\"https:\/\/lingusta.com.tr\/assets\/images\/dark-logo.png\"},{\"@type\":\"WebPage\",\"@id\":\"https:\/\/lingusta.com.tr\/blog\/hakkimizda\/#webpage\",\"url\":\"https:\/\/lingusta.com.tr\/blog\/hakkimizda\/\",\"name\":\"Hakk\\u0131m\\u0131zda - Lingusta\",\"isPartOf\":{\"@id\":\"https:\/\/lingusta.com.tr\/blog\/#website\"},\"primaryImageOfPage\":{\"@id\":\"https:\/\/lingusta.com.tr\/blog\/hakkimizda\/#primaryimage\"},\"datePublished\":\"2017-03-06T19:39:14+00:00\",\"dateModified\":\"2025-09-01T11:19:03+00:00\",\"inLanguage\":\"tr\",\"potentialAction\":[{\"@type\":\"ReadAction\",\"target\":[\"https:\/\/lingusta.com.tr\/blog\/hakkimizda\/\"]}]}]}<\/script>\r\n<!-- \/ Yoast SEO Premium plugin. -->","_links":{"self":[{"href":"https:\/\/lingusta.com.tr\/blog\/wp-json\/wp\/v2\/pages\/13","targetHints":{"allow":["GET"]}}],"collection":[{"href":"https:\/\/lingusta.com.tr\/blog\/wp-json\/wp\/v2\/pages"}],"about":[{"href":"https:\/\/lingusta.com.tr\/blog\/wp-json\/wp\/v2\/types\/page"}],"author":[{"embeddable":true,"href":"https:\/\/lingusta.com.tr\/blog\/wp-json\/wp\/v2\/users\/1"}],"replies":[{"embeddable":true,"href":"https:\/\/lingusta.com.tr\/blog\/wp-json\/wp\/v2\/comments?post=13"}],"version-history":[{"count":12,"href":"https:\/\/lingusta.com.tr\/blog\/wp-json\/wp\/v2\/pages\/13\/revisions"}],"predecessor-version":[{"id":4748,"href":"https:\/\/lingusta.com.tr\/blog\/wp-json\/wp\/v2\/pages\/13\/revisions\/4748"}],"wp:attachment":[{"href":"https:\/\/lingusta.com.tr\/blog\/wp-json\/wp\/v2\/media?parent=13"}],"curies":[{"name":"wp","href":"https:\/\/api.w.org\/{rel}","templated":true}]}}